{"id":20,"date":"2026-04-20T15:28:48","date_gmt":"2026-04-20T13:28:48","guid":{"rendered":"https:\/\/tnt.dkonto.pl\/?page_id=20"},"modified":"2026-04-20T15:48:19","modified_gmt":"2026-04-20T13:48:19","slug":"umow-konsultacje","status":"publish","type":"page","link":"https:\/\/tnt.dkonto.pl\/index.php\/umow-konsultacje\/","title":{"rendered":"Um\u00f3w konsultacj\u0119"},"content":{"rendered":"\n<p>Imi\u0119 i nazwisko:<\/p>\n\n\n\n<p>Adres e-mail:<\/p>\n\n\n\n<p>Numer telefonu:<\/p>\n\n\n\n<p>Wiadomo\u015b\u0107:<\/p>\n","protected":false},"excerpt":{"rendered":"<p>Imi\u0119 i nazwisko: Adres e-mail: Numer telefonu: Wiadomo\u015b\u0107:<\/p>\n","protected":false},"author":1,"featured_media":0,"parent":0,"menu_order":0,"comment_status":"closed","ping_status":"closed","template":"page-with-title","meta":{"_monsterinsights_skip_tracking":false,"_monsterinsights_sitenote_active":false,"_monsterinsights_sitenote_note":"","_monsterinsights_sitenote_category":0,"footnotes":""},"class_list":["post-20","page","type-page","status-publish","hentry"],"_links":{"self":[{"href":"https:\/\/tnt.dkonto.pl\/index.php\/wp-json\/wp\/v2\/pages\/20","targetHints":{"allow":["GET"]}}],"collection":[{"href":"https:\/\/tnt.dkonto.pl\/index.php\/wp-json\/wp\/v2\/pages"}],"about":[{"href":"https:\/\/tnt.dkonto.pl\/index.php\/wp-json\/wp\/v2\/types\/page"}],"author":[{"embeddable":true,"href":"https:\/\/tnt.dkonto.pl\/index.php\/wp-json\/wp\/v2\/users\/1"}],"replies":[{"embeddable":true,"href":"https:\/\/tnt.dkonto.pl\/index.php\/wp-json\/wp\/v2\/comments?post=20"}],"version-history":[{"count":2,"href":"https:\/\/tnt.dkonto.pl\/index.php\/wp-json\/wp\/v2\/pages\/20\/revisions"}],"predecessor-version":[{"id":35,"href":"https:\/\/tnt.dkonto.pl\/index.php\/wp-json\/wp\/v2\/pages\/20\/revisions\/35"}],"wp:attachment":[{"href":"https:\/\/tnt.dkonto.pl\/index.php\/wp-json\/wp\/v2\/media?parent=20"}],"curies":[{"name":"wp","href":"https:\/\/api.w.org\/{rel}","templated":true}]}}