{"id":8,"date":"2026-04-20T15:27:09","date_gmt":"2026-04-20T13:27:09","guid":{"rendered":"https:\/\/tnt.dkonto.pl\/?page_id=8"},"modified":"2026-04-20T20:07:21","modified_gmt":"2026-04-20T18:07:21","slug":"blog","status":"publish","type":"page","link":"https:\/\/tnt.dkonto.pl\/index.php\/blog\/","title":{"rendered":""},"content":{"rendered":"\n<div class=\"wp-block-columns is-layout-flex wp-container-core-columns-is-layout-28f84493 wp-block-columns-is-layout-flex\">\n<div class=\"wp-block-column is-layout-flow wp-block-column-is-layout-flow\">\n<p class=\"has-text-align-center has-border-color\" style=\"border-color:#0B0620;border-width:1px;border-top-left-radius:70px;border-top-right-radius:70px;border-bottom-left-radius:70px;border-bottom-right-radius:70px;margin-top:0;margin-right:0;margin-bottom:0;margin-left:0;font-size:0.7rem\">BLOG I KONULTING O ZARZ\u0104DZANIU W SPORCIE <\/p>\n\n\n\n<div class=\"wp-block-columns is-layout-flex wp-container-core-columns-is-layout-28f84493 wp-block-columns-is-layout-flex\">\n<div class=\"wp-block-column is-layout-flow wp-block-column-is-layout-flow\">\n<p style=\"font-size:clamp(1.352rem, 1.352rem + ((1vw - 0.2rem) * 1.413), 2.2rem);\"><strong>Zarz\u0105dzanie w sporcie to nie tylko wynik. To r\u00f3wnie\u017c struktura, decyzje i odpowiedzialno\u015b\u0107.<\/strong><\/p>\n<\/div>\n<\/div>\n<\/div>\n\n\n\n<div class=\"wp-block-column is-vertically-aligned-top is-layout-flow wp-block-column-is-layout-flow\" style=\"flex-basis:5px\"><\/div>\n\n\n\n<div class=\"wp-block-column is-layout-flow wp-container-core-column-is-layout-7452fce9 wp-block-column-is-layout-flow\" style=\"border-width:1px;border-top-left-radius:20px;border-top-right-radius:20px;border-bottom-left-radius:20px;border-bottom-right-radius:20px;padding-top:var(--wp--preset--spacing--20);padding-right:var(--wp--preset--spacing--20);padding-bottom:var(--wp--preset--spacing--20);padding-left:var(--wp--preset--spacing--20)\">\n<p class=\"has-text-color has-link-color wp-elements-c4fcbde3c6dc15465dc2d483edc74fdb\" style=\"color:#10b981\">     O czym jest ta strona<\/p>\n\n\n\n<h2 class=\"wp-block-heading\" style=\"font-size:clamp(15.197px, 0.95rem + ((1vw - 3.2px) * 0.813), 23px);\">Miejsce dla tych, kt\u00f3rzy chc\u0105 rozumie\u0107 sport r\u00f3wnie\u017c od strony zarz\u0105dzania.<\/h2>\n\n\n\n<p>Ta strona powsta\u0142a z potrzeby m\u00f3wienia o sporcie szerzej ni\u017c tylko przez wynik, emocje i wydarzenia. Interesuje mnie to, co dzieje si\u0119 pod powierzchni\u0105: spos\u00f3b zarz\u0105dzania, role, odpowiedzialno\u015b\u0107, kultura dzia\u0142ania, struktury organizacyjne i decyzje, kt\u00f3re wp\u0142ywaj\u0105 na rozw\u00f3j ludzi oraz instytucji sportowych.<\/p>\n<\/div>\n<\/div>\n","protected":false},"excerpt":{"rendered":"<p>BLOG I KONULTING O ZARZ\u0104DZANIU W SPORCIE Zarz\u0105dzanie w sporcie to nie tylko wynik. To r\u00f3wnie\u017c struktura, decyzje i odpowiedzialno\u015b\u0107. O czym jest ta strona Miejsce dla tych, kt\u00f3rzy chc\u0105 rozumie\u0107 sport r\u00f3wnie\u017c od strony zarz\u0105dzania. Ta strona powsta\u0142a z potrzeby m\u00f3wienia o sporcie szerzej ni\u017c tylko przez wynik, emocje i wydarzenia. Interesuje mnie to, [&hellip;]<\/p>\n","protected":false},"author":1,"featured_media":0,"parent":0,"menu_order":0,"comment_status":"closed","ping_status":"closed","template":"page-with-title","meta":{"_monsterinsights_skip_tracking":false,"_monsterinsights_sitenote_active":false,"_monsterinsights_sitenote_note":"","_monsterinsights_sitenote_category":0,"footnotes":""},"class_list":["post-8","page","type-page","status-publish","hentry"],"_links":{"self":[{"href":"https:\/\/tnt.dkonto.pl\/index.php\/wp-json\/wp\/v2\/pages\/8","targetHints":{"allow":["GET"]}}],"collection":[{"href":"https:\/\/tnt.dkonto.pl\/index.php\/wp-json\/wp\/v2\/pages"}],"about":[{"href":"https:\/\/tnt.dkonto.pl\/index.php\/wp-json\/wp\/v2\/types\/page"}],"author":[{"embeddable":true,"href":"https:\/\/tnt.dkonto.pl\/index.php\/wp-json\/wp\/v2\/users\/1"}],"replies":[{"embeddable":true,"href":"https:\/\/tnt.dkonto.pl\/index.php\/wp-json\/wp\/v2\/comments?post=8"}],"version-history":[{"count":3,"href":"https:\/\/tnt.dkonto.pl\/index.php\/wp-json\/wp\/v2\/pages\/8\/revisions"}],"predecessor-version":[{"id":46,"href":"https:\/\/tnt.dkonto.pl\/index.php\/wp-json\/wp\/v2\/pages\/8\/revisions\/46"}],"wp:attachment":[{"href":"https:\/\/tnt.dkonto.pl\/index.php\/wp-json\/wp\/v2\/media?parent=8"}],"curies":[{"name":"wp","href":"https:\/\/api.w.org\/{rel}","templated":true}]}}