{"id":9,"date":"2026-04-20T15:26:37","date_gmt":"2026-04-20T13:26:37","guid":{"rendered":"https:\/\/tnt.dkonto.pl\/?page_id=9"},"modified":"2026-04-20T18:49:15","modified_gmt":"2026-04-20T16:49:15","slug":"blog-2","status":"publish","type":"page","link":"https:\/\/tnt.dkonto.pl\/index.php\/blog-2\/","title":{"rendered":"Najnowsze artyku\u0142y"},"content":{"rendered":"<ul class=\"wp-block-latest-posts__list wp-block-latest-posts\"><li><a class=\"wp-block-latest-posts__post-title\" href=\"https:\/\/tnt.dkonto.pl\/index.php\/2025\/04\/17\/witaj-swiecie\/\">Czy da si\u0119 oddzieli\u0107 \u017cycie prywatne od pracy w sporcie?<\/a><\/li>\n<\/ul>","protected":false},"excerpt":{"rendered":"","protected":false},"author":1,"featured_media":0,"parent":0,"menu_order":0,"comment_status":"closed","ping_status":"closed","template":"page-with-title","meta":{"_monsterinsights_skip_tracking":false,"_monsterinsights_sitenote_active":false,"_monsterinsights_sitenote_note":"","_monsterinsights_sitenote_category":0,"footnotes":""},"class_list":["post-9","page","type-page","status-publish","hentry"],"_links":{"self":[{"href":"https:\/\/tnt.dkonto.pl\/index.php\/wp-json\/wp\/v2\/pages\/9","targetHints":{"allow":["GET"]}}],"collection":[{"href":"https:\/\/tnt.dkonto.pl\/index.php\/wp-json\/wp\/v2\/pages"}],"about":[{"href":"https:\/\/tnt.dkonto.pl\/index.php\/wp-json\/wp\/v2\/types\/page"}],"author":[{"embeddable":true,"href":"https:\/\/tnt.dkonto.pl\/index.php\/wp-json\/wp\/v2\/users\/1"}],"replies":[{"embeddable":true,"href":"https:\/\/tnt.dkonto.pl\/index.php\/wp-json\/wp\/v2\/comments?post=9"}],"version-history":[{"count":2,"href":"https:\/\/tnt.dkonto.pl\/index.php\/wp-json\/wp\/v2\/pages\/9\/revisions"}],"predecessor-version":[{"id":36,"href":"https:\/\/tnt.dkonto.pl\/index.php\/wp-json\/wp\/v2\/pages\/9\/revisions\/36"}],"wp:attachment":[{"href":"https:\/\/tnt.dkonto.pl\/index.php\/wp-json\/wp\/v2\/media?parent=9"}],"curies":[{"name":"wp","href":"https:\/\/api.w.org\/{rel}","templated":true}]}}